{"id":67,"date":"2023-09-06T13:48:14","date_gmt":"2023-09-06T13:48:14","guid":{"rendered":"http:\/\/sugandi.is\/?page_id=67"},"modified":"2026-03-29T17:31:28","modified_gmt":"2026-03-29T17:31:28","slug":"trunadur","status":"publish","type":"page","link":"https:\/\/sugandi.is\/?page_id=67","title":{"rendered":"S\u00fagfir\u00f0ingaf\u00e9lagi\u00f0"},"content":{"rendered":"\t\t<div data-elementor-type=\"wp-page\" data-elementor-id=\"67\" class=\"elementor elementor-67\">\n\t\t\t\t\t\t\t\t\t<section class=\"elementor-section elementor-top-section elementor-element elementor-element-466dbea elementor-section-boxed elementor-section-height-default elementor-section-height-default\" data-id=\"466dbea\" data-element_type=\"section\">\n\t\t\t\t\t\t<div class=\"elementor-container elementor-column-gap-default\">\n\t\t\t\t\t<div class=\"elementor-column elementor-col-100 elementor-top-column elementor-element elementor-element-9e49af2\" data-id=\"9e49af2\" data-element_type=\"column\">\n\t\t\t<div class=\"elementor-widget-wrap elementor-element-populated\">\n\t\t\t\t\t\t\t\t<div class=\"elementor-element elementor-element-9237c65 elementor-widget elementor-widget-text-editor\" data-id=\"9237c65\" data-element_type=\"widget\" data-widget_type=\"text-editor.default\">\n\t\t\t\t<div class=\"elementor-widget-container\">\n\t\t\t<style>\/*! elementor - v3.15.0 - 20-08-2023 *\/\n.elementor-widget-text-editor.elementor-drop-cap-view-stacked .elementor-drop-cap{background-color:#69727d;color:#fff}.elementor-widget-text-editor.elementor-drop-cap-view-framed .elementor-drop-cap{color:#69727d;border:3px solid;background-color:transparent}.elementor-widget-text-editor:not(.elementor-drop-cap-view-default) .elementor-drop-cap{margin-top:8px}.elementor-widget-text-editor:not(.elementor-drop-cap-view-default) .elementor-drop-cap-letter{width:1em;height:1em}.elementor-widget-text-editor .elementor-drop-cap{float:left;text-align:center;line-height:1;font-size:50px}.elementor-widget-text-editor .elementor-drop-cap-letter{display:inline-block}<\/style>\t\t\t\t<p>S\u00fagfir\u00f0ingaf\u00e9lagi\u00f0 stofna\u00f0 29 n\u00f3vember 1950 stofnf\u00e9lagar voru \u00fe\u00e1 115 talsins.<br \/>Fyrsti forma\u00f0ur f\u00e9lagsins var Gu\u00f0mundur J\u00f3hannesson b\u00fasettur \u00ed Reykjav\u00edk.<br \/>S\u00fagfir\u00f0ingaf\u00e9lagi\u00f0 er f\u00e9lag sem tengir saman, f\u00f3lk sem \u00e1 r\u00e6tur a\u00f0 rekja til S\u00fagandafjar\u00f0ar. <br \/>Tilgangur f\u00e9lagsins er fyrst og fremmst til a\u00f0 vi\u00f0halda kynnum og halda trygg\u00f0 vi\u00f0 r\u00e6turnar. <br \/>Sty\u00f0ja vi\u00f0 menningu og s\u00f6gu S\u00fagandafjar\u00f0ar til d\u00e6mis me\u00f0 mynda og minningarkv\u00f6ldunum.<br \/>F\u00e9lagsmenn eru \u00ed dag 360 talsins og hefur \u00feeim fari\u00f0 miki\u00f0 fj\u00f6lgandi undanfarin \u00e1r.<\/p><p>Stj\u00f3rn f\u00e9lagisns kosin febr\u00faar 2026:<br \/>\u00c1slaug \u00d3lafsd\u00f3ttir Forma\u00f0ur<br \/>Gu\u00f0n\u00fd Erla Gu\u00f0nad\u00f3ttir fj\u00e1rm\u00e1lastj\u00f3ri <br \/>Gu\u00f0r\u00fan Sif Hannesard\u00f3ttir me\u00f0stj\u00f3rnandi<br \/>Berglind Torfad\u00f3ttir me\u00f0stj\u00f3rnandi<br \/>Ing\u00f3lfur Geir Gissurarson me\u00f0stj\u00f3rnandi<br \/>El\u00edn Kristr\u00fan Halld\u00f3rsd\u00f3ttir me\u00f0stj\u00f3rnandi <br \/>Margr\u00e9t Alda Sigurvinsd\u00f3ttir varama\u00f0ur \u00ed stj\u00f3rn<\/p><p>Ritstj\u00f3ri og h\u00f6nnu\u00f0ur bla\u00f0sins S\u00faganda er Vild\u00eds Inga Salbergsd\u00f3ttir <br \/>\u00cd ritnefnd er Malin Brand og \u00c1slaug \u00d3lafsd\u00f3ttir<br \/>Bl\u00f6\u00f0in eru gefin \u00fat tvisvar \u00e1 \u00e1ri sumar og j\u00f3l.<br \/>\u00c1rgjaldi\u00f0 \u00ed f\u00e9lagi\u00f0 er 4400 kr og 3000 kr fyrir 67 \u00e1ra og eldri.<\/p>\t\t\t\t\t\t<\/div>\n\t\t\t\t<\/div>\n\t\t\t\t\t<\/div>\n\t\t<\/div>\n\t\t\t\t\t\t\t<\/div>\n\t\t<\/section>\n\t\t\t\t<section class=\"elementor-section elementor-top-section elementor-element elementor-element-0ba57c9 elementor-section-boxed elementor-section-height-default elementor-section-height-default\" data-id=\"0ba57c9\" data-element_type=\"section\">\n\t\t\t\t\t\t<div class=\"elementor-container elementor-column-gap-default\">\n\t\t\t\t\t<div class=\"elementor-column elementor-col-100 elementor-top-column elementor-element elementor-element-d7d9de4\" data-id=\"d7d9de4\" data-element_type=\"column\">\n\t\t\t<div class=\"elementor-widget-wrap elementor-element-populated\">\n\t\t\t\t\t\t\t\t<div class=\"elementor-element elementor-element-9053194 elementor-widget elementor-widget-heading\" data-id=\"9053194\" data-element_type=\"widget\" data-widget_type=\"heading.default\">\n\t\t\t\t<div class=\"elementor-widget-container\">\n\t\t\t<style>\/*! elementor - v3.15.0 - 20-08-2023 *\/\n.elementor-heading-title{padding:0;margin:0;line-height:1}.elementor-widget-heading .elementor-heading-title[class*=elementor-size-]>a{color:inherit;font-size:inherit;line-height:inherit}.elementor-widget-heading .elementor-heading-title.elementor-size-small{font-size:15px}.elementor-widget-heading .elementor-heading-title.elementor-size-medium{font-size:19px}.elementor-widget-heading .elementor-heading-title.elementor-size-large{font-size:29px}.elementor-widget-heading .elementor-heading-title.elementor-size-xl{font-size:39px}.elementor-widget-heading .elementor-heading-title.elementor-size-xxl{font-size:59px}<\/style><h2 class=\"elementor-heading-title elementor-size-xl\">L\u00f6g S\u00fagfir\u00f0ingaf\u00e9lagsins<\/h2>\t\t<\/div>\n\t\t\t\t<\/div>\n\t\t\t\t\t<\/div>\n\t\t<\/div>\n\t\t\t\t\t\t\t<\/div>\n\t\t<\/section>\n\t\t\t\t<section class=\"elementor-section elementor-top-section elementor-element elementor-element-b58cb09 elementor-section-boxed elementor-section-height-default elementor-section-height-default\" data-id=\"b58cb09\" data-element_type=\"section\">\n\t\t\t\t\t\t<div class=\"elementor-container elementor-column-gap-default\">\n\t\t\t\t\t<div class=\"elementor-column elementor-col-100 elementor-top-column elementor-element elementor-element-2500db3\" data-id=\"2500db3\" data-element_type=\"column\">\n\t\t\t<div class=\"elementor-widget-wrap elementor-element-populated\">\n\t\t\t\t\t\t\t\t<div class=\"elementor-element elementor-element-fff2ee3 elementor-widget elementor-widget-text-editor\" data-id=\"fff2ee3\" data-element_type=\"widget\" data-widget_type=\"text-editor.default\">\n\t\t\t\t<div class=\"elementor-widget-container\">\n\t\t\t\t\t\t\t<ol><li>gr. F\u00e9lagi\u00f0 heitir S\u00fagfir\u00f0ingaf\u00e9lagi\u00f0. Heimili \u00feess og varnar\u00feing er \u00ed Reykjav\u00edk.<\/li><li>gr. Tilgangur f\u00e9lagsins er: A) a\u00f0 efla og vi\u00f0halda kynningu S\u00fagfir\u00f0inga. B) a\u00f0 efla og vi\u00f0halda sambandi vi\u00f0 heimah\u00e9ra\u00f0i\u00f0.<\/li><li>gr. F\u00e9lagsmenn geta hverjir or\u00f0i\u00f0, sem eru f\u00e6ddir e\u00f0a b\u00fai\u00f0 hafa \u00ed Su\u00f0ureyrarhreppi, ni\u00f0jar \u00feeirra og makar.<\/li><li>gr. Stj\u00f3rn f\u00e9lagsins skal kosin \u00e1 ala\u00f0fundi \u00e1r hvert. Skipa hana 7 menn, forma\u00f0ur og sex me\u00f0stj\u00f3rnendur. Ennfremur skulu kosnir tveir endursko\u00f0endur. Forma\u00f0ur skal kosinn fyrst og s\u00e9r \u00ed lagi. Me\u00f0stj\u00f3rnendur skulu kosnir \u00ed einu lagi. Aldrei skulu fleiri en \u00fer\u00edr stj\u00f3rnarmenn ganga \u00far stj\u00f3rn \u00e1 hverjum a\u00f0alfundi. Kosning skal vera skrifleg s\u00e9 \u00feess \u00f3ska\u00f0. Kosningu hlj\u00f3ta \u00feeir sem f\u00e1 flest atkv\u00e6\u00f0i, en s\u00e9u atkv\u00e6\u00f0i j\u00f6fn r\u00e6\u00f0ur hlutkesti. Stj\u00f3rnin skiptir me\u00f0 s\u00e9r verkum.<\/li><li>gr. Forma\u00f0ur bo\u00f0ar fundi br\u00e9flega, me\u00f0 minnst 7 daga fyrirvara. A\u00f0alfund skal halda \u00ed febr\u00faar \u00e1r hvert og telst l\u00f6glegur s\u00e9 l\u00f6glega til hans bo\u00f0a\u00f0. Skulu \u00fear lag\u00f0ir fram endursko\u00f0a\u00f0ir reikningar f\u00e9lagsins.<\/li><li>gr. Skylt er a\u00f0 halda fundarger\u00f0arb\u00f3k yfir ger\u00f0ir f\u00e9lagsins, svo og f\u00e9lagaskr\u00e1. Gjaldkeri innheimtir f\u00e9lasgj\u00f6ld og grei\u00f0ir reikninga f\u00e9lagsins eftir \u00e1v\u00edsun formanns, var\u00f0veitir og f\u00e6rir nau\u00f0synlegustu b\u00e6kur vi\u00f0v\u00edkjandi reikninghaldi f\u00e9lagsins. Ritari heldur gj\u00f6r\u00f0arb\u00f3k og var\u00f0veitir hana.<\/li><li>gr. \u00c1rgjald f\u00e9lagsmanna skal \u00e1kve\u00f0ast \u00e1 a\u00f0alfundi \u00e1r hvert og fellur \u00fe\u00e1 \u00ed gjalddaga.<\/li><li>gr. H\u00e6tti f\u00e9lagi\u00f0 st\u00f6rfum og leggist ni\u00f0ur, skal sj\u00f3\u00f0um \u00feess og andvir\u00f0i annarra eigna vari\u00f0 til sk\u00f3gr\u00e6ktar \u00ed S\u00fagandafir\u00f0i.<\/li><li>gr. L\u00f6gum \u00feessum m\u00e1 a\u00f0eins breyta \u00e1 l\u00f6gm\u00e6tum a\u00f0alfundi og \u00fearf til \u00feess 3\/4 greiddra atkv\u00e6\u00f0a.\u00a0<\/li><\/ol>\t\t\t\t\t\t<\/div>\n\t\t\t\t<\/div>\n\t\t\t\t\t<\/div>\n\t\t<\/div>\n\t\t\t\t\t\t\t<\/div>\n\t\t<\/section>\n\t\t\t\t<section class=\"elementor-section elementor-top-section elementor-element elementor-element-3830b3d9 elementor-section-boxed elementor-section-height-default elementor-section-height-default\" data-id=\"3830b3d9\" data-element_type=\"section\">\n\t\t\t\t\t\t<div class=\"elementor-container elementor-column-gap-default\">\n\t\t\t\t\t<div class=\"elementor-column elementor-col-100 elementor-top-column elementor-element elementor-element-3f44b929\" data-id=\"3f44b929\" data-element_type=\"column\">\n\t\t\t<div class=\"elementor-widget-wrap elementor-element-populated\">\n\t\t\t\t\t\t\t\t<div class=\"elementor-element elementor-element-5322cfc9 elementor-widget elementor-widget-text-editor\" data-id=\"5322cfc9\" data-element_type=\"widget\" data-widget_type=\"text-editor.default\">\n\t\t\t\t<div class=\"elementor-widget-container\">\n\t\t\t\t\t\t\t<h2>Formenn f\u00e9lagsins<\/h2>\t\t\t\t\t\t<\/div>\n\t\t\t\t<\/div>\n\t\t\t\t\t<\/div>\n\t\t<\/div>\n\t\t\t\t\t\t\t<\/div>\n\t\t<\/section>\n\t\t\t\t<section class=\"elementor-section elementor-top-section elementor-element elementor-element-e2cd819 elementor-section-boxed elementor-section-height-default elementor-section-height-default\" data-id=\"e2cd819\" data-element_type=\"section\">\n\t\t\t\t\t\t<div class=\"elementor-container elementor-column-gap-default\">\n\t\t\t\t\t<div class=\"elementor-column elementor-col-100 elementor-top-column elementor-element elementor-element-f484294\" data-id=\"f484294\" data-element_type=\"column\">\n\t\t\t<div class=\"elementor-widget-wrap elementor-element-populated\">\n\t\t\t\t\t\t\t\t<div class=\"elementor-element elementor-element-7d73da8 elementor-widget elementor-widget-text-editor\" data-id=\"7d73da8\" data-element_type=\"widget\" data-widget_type=\"text-editor.default\">\n\t\t\t\t<div class=\"elementor-widget-container\">\n\t\t\t\t\t\t\t<p>\u00c1 stofnfundi f\u00e9lagsins \u00feann 29. n\u00f3vember 1950 voru l\u00f6g f\u00e9lagsins sam\u00feykkt og \u00e1rgjaldi\u00f0 var 20 kr\u00f3nur.\u00a0<\/p><p>Fyrsti\u00a0 forma\u00f0ur f\u00e9lagsins var Gu\u00f0mundur J\u00f3hannesson.<\/p><ol><li>Gu\u00f0mundur J\u00f3hannesson 1950-1953<\/li><li>\u00deorl\u00e1kur J\u00f3nsson 1953-1955<\/li><li>Gu\u00f0mundur Hansson 1955-1957<\/li><li>\u00c1rni \u00d6rn\u00f3lfsson 1957-1959<\/li><li>\u00d3lafur Oddsson 1959-1961<\/li><li>Benedikt Valdimarsson 1961-1964<\/li><li>\u00deorl\u00e1kur J\u00f3nsson 1964-1966<\/li><li>\u00d6rn\u00f3lfur \u00d6rn\u00f3lfsson 1966-1968<\/li><li>Leifur Sigur\u00f0sson 1968-1970<\/li><li>\u00a0J\u00f3hannes J\u00f3nsson 1970-1972<\/li><li>Gu\u00f0mundur H. Sigmundsson 1972-1975<\/li><li>Sigr\u00fan Sturlud\u00f3ttir 1975-1977<\/li><li>Vigg\u00f3 Karvels Gu\u00f0mundsson 1977-1979<\/li><li>\u00d3mar \u00de\u00f3r\u00f0arson 1979-1981<\/li><li>Au\u00f0ur \u00de\u00f3rhallsd\u00f3ttir 1981-1983<\/li><li>P\u00e1ll Bjarnason 1983-1985<\/li><li>Vilhelm\u00edna Salbergsd\u00f3ttir 1985-1987<\/li><li>Bj\u00f6rn Gu\u00f0bj\u00f6rnsson 1987-1990<\/li><li>Lov\u00edsa Kristj\u00e1nsd\u00f3ttir 1990-1992<\/li><li>S\u00f3lveig Leifsd\u00f3ttir 1992-1995<\/li><li>Kristj\u00e1n A. \u00d3skarsson 1995-1996<\/li><li>\u00c6var Einarsson 1996-1997<\/li><li>Anna Bjarnad\u00f3ttir 1997-1999<\/li><li>S\u00f3lveig Leifsd\u00f3ttir 1999-2001<\/li><li>Bj\u00f6rn Gu\u00f0bj\u00f6rnsson 2001-2007<\/li><li>Sigur\u00fe\u00f3r Yngvi \u00d3marsson 2007-2010<\/li><li>Atli \u00d3marsson 2010-2011<\/li><li>Bj\u00f6rn Gu\u00f0bj\u00f6rnsson 2011-2012<\/li><li>S\u00f3ley Halla \u00de\u00f3rhallsd\u00f3ttir 2012-2013<\/li><li>Ey\u00fe\u00f3r E\u00f0varsson 2013-2016<\/li><li>Elsa E\u00f0varsd\u00f3ttir 2016-2019<\/li><li>Erna Gu\u00f0mundsd\u00f3ttir 2019-2021<\/li><li>Elsa E\u00f0var\u00f0sd\u00f3ttir 2021-2023<\/li><li>\u00c1slaug \u00d3lafsd\u00f3ttir 2023-<\/li><\/ol>\t\t\t\t\t\t<\/div>\n\t\t\t\t<\/div>\n\t\t\t\t\t<\/div>\n\t\t<\/div>\n\t\t\t\t\t\t\t<\/div>\n\t\t<\/section>\n\t\t\t\t<section class=\"elementor-section elementor-top-section elementor-element elementor-element-3606068 elementor-section-boxed elementor-section-height-default elementor-section-height-default\" data-id=\"3606068\" data-element_type=\"section\">\n\t\t\t\t\t\t<div class=\"elementor-container elementor-column-gap-default\">\n\t\t\t\t\t<div class=\"elementor-column elementor-col-100 elementor-top-column elementor-element elementor-element-1681523\" data-id=\"1681523\" data-element_type=\"column\">\n\t\t\t<div class=\"elementor-widget-wrap elementor-element-populated\">\n\t\t\t\t\t\t\t\t<div class=\"elementor-element elementor-element-77e0014 elementor-widget elementor-widget-text-editor\" data-id=\"77e0014\" data-element_type=\"widget\" data-widget_type=\"text-editor.default\">\n\t\t\t\t<div class=\"elementor-widget-container\">\n\t\t\t\t\t\t\t<p style=\"text-align: center;\">Hei\u00f0ursf\u00e9lagar :<\/p><p>\u00deorl\u00e1kur J\u00f3nsson\u00a0<\/p><p>J\u00f3n Stein\u00fe\u00f3rsson\u00a0<\/p><p>Ragnhildur \u00deorvar\u00f0ard\u00f3ttir<\/p><p>Sigr\u00fan Sturlud\u00f3ttir \u00e1 60 \u00e1ra afm\u00e6li f\u00e9lagsins \u00e1ri\u00f0 2010<\/p><p>Krist\u00edn Gissurard\u00f3ttir\u00a0 \u00e1ri\u00f0 2023<\/p><p>Bj\u00f6rn Gu\u00f0bj\u00f6rnsson \u00e1ri\u00f0 2025<\/p><p>Regluger\u00f0 um hei\u00f0ursf\u00e9laga S\u00fagfir\u00f0ingaf\u00e9lagsins \u00ed Reykjav\u00edk<\/p><ol><li>Hei\u00f0ursf\u00e9lagi skal valinn af fimm manna nefnd skipa\u00f0ri af stj\u00f3rn f\u00e9lagsins og skal forma\u00f0ur lei\u00f0a nefndina.<\/li><li>Hei\u00f0ursf\u00e9lagi skal s\u00e6mdur gullmerki sambandsins og f\u00e1 innramma\u00f0 hei\u00f0ursskjal til sta\u00f0festingar \u00fatnefningu sinni.<\/li><li>Hei\u00f0ursf\u00e9lagi skal vera gjaldfr\u00edr og f\u00e1 tvo fr\u00edmi\u00f0a \u00e1 allar skemmtanir f\u00e9lagsins.<\/li><li>Gullmerki\u00f0 er eign S\u00fagfir\u00f0ingaf\u00e9lagsins og skal skila\u00f0 inn vi\u00f0 andl\u00e1t.<\/li><li>Regluger\u00f0 \u00feessari ver\u00f0ur ekki breytt nema \u00e1 a\u00f0alfundi f\u00e9lagsins.<\/li><\/ol>\t\t\t\t\t\t<\/div>\n\t\t\t\t<\/div>\n\t\t\t\t\t<\/div>\n\t\t<\/div>\n\t\t\t\t\t\t\t<\/div>\n\t\t<\/section>\n\t\t\t\t<section class=\"elementor-section elementor-top-section elementor-element elementor-element-f95d40b elementor-section-boxed elementor-section-height-default elementor-section-height-default\" data-id=\"f95d40b\" data-element_type=\"section\">\n\t\t\t\t\t\t<div class=\"elementor-container elementor-column-gap-default\">\n\t\t\t\t\t<div class=\"elementor-column elementor-col-50 elementor-top-column elementor-element elementor-element-f451eb3\" data-id=\"f451eb3\" data-element_type=\"column\">\n\t\t\t<div class=\"elementor-widget-wrap elementor-element-populated\">\n\t\t\t\t\t\t\t\t<div class=\"elementor-element elementor-element-9d3e16f elementor-widget__width-initial elementor-widget elementor-widget-heading\" data-id=\"9d3e16f\" data-element_type=\"widget\" data-widget_type=\"heading.default\">\n\t\t\t\t<div class=\"elementor-widget-container\">\n\t\t\t<h3 class=\"elementor-heading-title elementor-size-default\">HEI\u00d0URSMERKI :<br>\nEl\u00edsabet \u00de\u00f3r\u00f0ard\u00f3ttir  50 \u00e1ra afm\u00e6li f\u00e9lagsins \u00e1ri\u00f0 2000<br>\nGr\u00f3a Gu\u00f0nad\u00f3ttir\nGu\u00f0bj\u00f6rn Bj\u00f6rnsson\nMar\u00eda Gu\u00f0nad\u00f3ttir \n\u00d3skar Kristj\u00e1nsson\nP\u00e1ll Bjarnason\nSam\u00fael Gu\u00f0nason\nSigr\u00fan Sturlud\u00f3ttir\n\u00deorvar\u00f0ur \u00d6rn\u00f3lfsson\nAu\u00f0ur \u00de\u00f3rhallsd\u00f3ttir \u00e1ri\u00f0 2003<br>\nGu\u00f0mundur H Sigmundsson\n\u00d3mar \u00de\u00f3r\u00f0arson\nJ\u00f3hannes Kr. J\u00f3nsson \nS\u00f3lveig Leifsd\u00f3ttir\nKrist\u00edn Gissurard\u00f3ttir \u00e1ri\u00f0 2005<br>\n\u00deorbj\u00f6rn Gissurarson \nEva Sturlud\u00f3ttir  \u00e1ri\u00f0 2006<br>\nHelga Stef\u00e1nsd\u00f3ttir\nAnna Bjarnad\u00f3ttir \u00e1ri\u00f0 2012<br>\nBj\u00f6rn Gu\u00f0bj\u00f6rnsson \u00e1ri\u00f0 2013<br>\n\u00c1sta \u00de\u00f3rarinsd\u00f3ttir \u00e1ri\u00f0 2014 <br>\nGu\u00f0r\u00fan \u00c1sta Gu\u00f0j\u00f3nsd\u00f3ttir\nSigur\u00fe\u00f3r \u00d3marsson<br>\nS\u00f3ley Halla \u00de\u00f3rhallsd\u00f3ttir \u00e1ri\u00f0 2015<br>\nFri\u00f0bert P\u00e1lsson \u00e1ri\u00f0 2016<br>Kristj\u00e1n P\u00e1lsson \u00e1ri\u00f0 2017<br>Ey\u00fe\u00f3r E\u00f0var\u00f0sson \u00e1ri\u00f0 2018<br>Ingrid Kuhlman \u00e1ri\u00f0 2019<br>Bj\u00f6rk Birkisd\u00f3ttir \u00e1ri\u00f0 2022<br>\nElsa E\u00f0var\u00f0sd\u00f3ttir \u00e1ri\u00f0 2023<br>\n\u00d3l\u00f6f Birna Jenssen \u00d3lafsd\u00f3ttir \u00e1ri\u00f0 2023<br>\nGunnar P\u00e1lsson \u00e1ri\u00f0 2025\n<br>\u00de\u00f3r\u00f0ur Gu\u00f0bj\u00f6rnsson \u00e1ri\u00f0 2025 \n<br>Adda Bjarnad\u00f3ttir \u00e1ri\u00f0 2025<br>Gu\u00f0r\u00fan Margr\u00e9t Karlsd\u00f3ttir \u00e1ri\u00f0 2026<br>Sigr\u00fan Edda E\u00f0var\u00f0sd\u00f3ttir \u00e1ri\u00f0 2026\n\n<br><br>Regluger\u00f0 um hei\u00f0ursmerki S\u00fagfir\u00f0ingaf\u00e9lagsins \u00ed Reykjav\u00edk.<br>\n1. Hei\u00f0ursmerki S\u00fagfir\u00f0ingaf\u00e9lagsins \u00ed Reykjav\u00edk er bl\u00e1tt hringlaga merki f\u00e9lagsins, samsvarandi f\u00e1na \u00feess.<br>2. Merki\u00f0 skal veitt fyrir fram\u00farskarandi st\u00f6rf \u00ed \u00fe\u00e1gu f\u00e9lagsins og \u00e1tthaganna.<br>3. Stj\u00f3rn f\u00e9lagsins \u00e1kve\u00f0ur hverjum skuli veita merki\u00f0.<br>4. Heimilt er a\u00f0 veita einstaklingi utan f\u00e9lagsins merki\u00f0.<br>5. Regluger\u00f0 \u00feessari ver\u00f0ur ekki breytt nema \u00e1 a\u00f0alfundi f\u00e9lagsins.<\/h3>\t\t<\/div>\n\t\t\t\t<\/div>\n\t\t\t\t\t<\/div>\n\t\t<\/div>\n\t\t\t\t<div class=\"elementor-column elementor-col-50 elementor-top-column elementor-element elementor-element-50a368b\" data-id=\"50a368b\" data-element_type=\"column\">\n\t\t\t<div class=\"elementor-widget-wrap elementor-element-populated\">\n\t\t\t\t\t\t\t\t<div class=\"elementor-element elementor-element-9958a3d elementor-widget elementor-widget-text-editor\" data-id=\"9958a3d\" data-element_type=\"widget\" data-widget_type=\"text-editor.default\">\n\t\t\t\t<div class=\"elementor-widget-container\">\n\t\t\t\t\t\t\t\t\t\t\t\t\t<\/div>\n\t\t\t\t<\/div>\n\t\t\t\t\t<\/div>\n\t\t<\/div>\n\t\t\t\t\t\t\t<\/div>\n\t\t<\/section>\n\t\t\t\t<section class=\"elementor-section elementor-top-section elementor-element elementor-element-68ac26a elementor-section-boxed elementor-section-height-default elementor-section-height-default\" data-id=\"68ac26a\" data-element_type=\"section\">\n\t\t\t\t\t\t<div class=\"elementor-container elementor-column-gap-default\">\n\t\t\t\t\t<div class=\"elementor-column elementor-col-100 elementor-top-column elementor-element elementor-element-e91e3c2\" data-id=\"e91e3c2\" data-element_type=\"column\">\n\t\t\t<div class=\"elementor-widget-wrap\">\n\t\t\t\t\t\t\t\t\t<\/div>\n\t\t<\/div>\n\t\t\t\t\t\t\t<\/div>\n\t\t<\/section>\n\t\t\t\t\t\t\t<\/div>\n\t\t","protected":false},"excerpt":{"rendered":"<p>S\u00fagfir\u00f0ingaf\u00e9lagi\u00f0 stofna\u00f0 29 n\u00f3vember 1950 stofnf\u00e9lagar voru \u00fe\u00e1 115 talsins.Fyrsti forma\u00f0ur f\u00e9lagsins var Gu\u00f0mundur J\u00f3hannesson b\u00fasettur \u00ed Reykjav\u00edk.S\u00fagfir\u00f0ingaf\u00e9lagi\u00f0 er f\u00e9lag sem tengir saman, f\u00f3lk sem \u00e1 r\u00e6tur a\u00f0 rekja til S\u00fagandafjar\u00f0ar. Tilgangur f\u00e9lagsins er fyrst og fremmst til a\u00f0 vi\u00f0halda kynnum og halda trygg\u00f0 vi\u00f0 r\u00e6turnar. Sty\u00f0ja vi\u00f0 menningu og s\u00f6gu S\u00fagandafjar\u00f0ar til d\u00e6mis me\u00f0 [&hellip;]<\/p>\n","protected":false},"author":2,"featured_media":0,"parent":0,"menu_order":0,"comment_status":"closed","ping_status":"closed","template":"","meta":{"footnotes":""},"class_list":["post-67","page","type-page","status-publish","hentry"],"jetpack_sharing_enabled":true,"_links":{"self":[{"href":"https:\/\/sugandi.is\/index.php?rest_route=\/wp\/v2\/pages\/67","targetHints":{"allow":["GET"]}}],"collection":[{"href":"https:\/\/sugandi.is\/index.php?rest_route=\/wp\/v2\/pages"}],"about":[{"href":"https:\/\/sugandi.is\/index.php?rest_route=\/wp\/v2\/types\/page"}],"author":[{"embeddable":true,"href":"https:\/\/sugandi.is\/index.php?rest_route=\/wp\/v2\/users\/2"}],"replies":[{"embeddable":true,"href":"https:\/\/sugandi.is\/index.php?rest_route=%2Fwp%2Fv2%2Fcomments&post=67"}],"version-history":[{"count":78,"href":"https:\/\/sugandi.is\/index.php?rest_route=\/wp\/v2\/pages\/67\/revisions"}],"predecessor-version":[{"id":843,"href":"https:\/\/sugandi.is\/index.php?rest_route=\/wp\/v2\/pages\/67\/revisions\/843"}],"wp:attachment":[{"href":"https:\/\/sugandi.is\/index.php?rest_route=%2Fwp%2Fv2%2Fmedia&parent=67"}],"curies":[{"name":"wp","href":"https:\/\/api.w.org\/{rel}","templated":true}]}}