{"id":2,"date":"2023-09-05T04:47:08","date_gmt":"2023-09-05T04:47:08","guid":{"rendered":"http:\/\/sugandi.is\/?page_id=2"},"modified":"2026-03-13T18:09:11","modified_gmt":"2026-03-13T18:09:11","slug":"home","status":"publish","type":"page","link":"https:\/\/sugandi.is\/","title":{"rendered":"Fors\u00ed\u00f0a"},"content":{"rendered":"\t\t<div data-elementor-type=\"wp-page\" data-elementor-id=\"2\" class=\"elementor elementor-2\">\n\t\t\t\t\t\t\t\t\t<section class=\"elementor-section elementor-top-section elementor-element elementor-element-c80baa1 elementor-section-boxed elementor-section-height-default elementor-section-height-default\" data-id=\"c80baa1\" data-element_type=\"section\">\n\t\t\t\t\t\t<div class=\"elementor-container elementor-column-gap-default\">\n\t\t\t\t\t<div class=\"elementor-column elementor-col-100 elementor-top-column elementor-element elementor-element-93bac6e\" data-id=\"93bac6e\" data-element_type=\"column\">\n\t\t\t<div class=\"elementor-widget-wrap elementor-element-populated\">\n\t\t\t\t\t\t\t\t<section class=\"elementor-section elementor-inner-section elementor-element elementor-element-1135189 elementor-section-height-min-height elementor-section-boxed elementor-section-height-default\" data-id=\"1135189\" data-element_type=\"section\" data-settings=\"{&quot;background_background&quot;:&quot;slideshow&quot;,&quot;background_slideshow_gallery&quot;:[{&quot;id&quot;:32,&quot;url&quot;:&quot;https:\\\/\\\/sugandi.is\\\/wp-content\\\/uploads\\\/2023\\\/09\\\/image2.jpg&quot;},{&quot;id&quot;:31,&quot;url&quot;:&quot;https:\\\/\\\/sugandi.is\\\/wp-content\\\/uploads\\\/2023\\\/09\\\/image3.jpg&quot;},{&quot;id&quot;:30,&quot;url&quot;:&quot;https:\\\/\\\/sugandi.is\\\/wp-content\\\/uploads\\\/2023\\\/09\\\/image1.jpg&quot;}],&quot;background_slideshow_ken_burns&quot;:&quot;yes&quot;,&quot;background_slideshow_loop&quot;:&quot;yes&quot;,&quot;background_slideshow_slide_duration&quot;:5000,&quot;background_slideshow_slide_transition&quot;:&quot;fade&quot;,&quot;background_slideshow_transition_duration&quot;:500,&quot;background_slideshow_ken_burns_zoom_direction&quot;:&quot;in&quot;}\">\n\t\t\t\t\t\t<div class=\"elementor-container elementor-column-gap-default\">\n\t\t\t\t\t<div class=\"elementor-column elementor-col-50 elementor-inner-column elementor-element elementor-element-ee86026\" data-id=\"ee86026\" data-element_type=\"column\">\n\t\t\t<div class=\"elementor-widget-wrap\">\n\t\t\t\t\t\t\t\t\t<\/div>\n\t\t<\/div>\n\t\t\t\t<div class=\"elementor-column elementor-col-50 elementor-inner-column elementor-element elementor-element-0cb9788\" data-id=\"0cb9788\" data-element_type=\"column\">\n\t\t\t<div class=\"elementor-widget-wrap\">\n\t\t\t\t\t\t\t\t\t<\/div>\n\t\t<\/div>\n\t\t\t\t\t\t\t<\/div>\n\t\t<\/section>\n\t\t\t\t\t<\/div>\n\t\t<\/div>\n\t\t\t\t\t\t\t<\/div>\n\t\t<\/section>\n\t\t\t\t<section class=\"elementor-section elementor-top-section elementor-element elementor-element-ae045b5 elementor-section-boxed elementor-section-height-default elementor-section-height-default\" data-id=\"ae045b5\" data-element_type=\"section\">\n\t\t\t\t\t\t<div class=\"elementor-container elementor-column-gap-default\">\n\t\t\t\t\t<div class=\"elementor-column elementor-col-100 elementor-top-column elementor-element elementor-element-73894fd\" data-id=\"73894fd\" data-element_type=\"column\">\n\t\t\t<div class=\"elementor-widget-wrap elementor-element-populated\">\n\t\t\t\t\t\t\t\t<div class=\"elementor-element elementor-element-7ced776 elementor-widget elementor-widget-spacer\" data-id=\"7ced776\" data-element_type=\"widget\" data-widget_type=\"spacer.default\">\n\t\t\t\t<div class=\"elementor-widget-container\">\n\t\t\t<style>\/*! elementor - v3.15.0 - 20-08-2023 *\/\n.elementor-column .elementor-spacer-inner{height:var(--spacer-size)}.e-con{--container-widget-width:100%}.e-con-inner>.elementor-widget-spacer,.e-con>.elementor-widget-spacer{width:var(--container-widget-width,var(--spacer-size));--align-self:var(--container-widget-align-self,initial);--flex-shrink:0}.e-con-inner>.elementor-widget-spacer>.elementor-widget-container,.e-con-inner>.elementor-widget-spacer>.elementor-widget-container>.elementor-spacer,.e-con>.elementor-widget-spacer>.elementor-widget-container,.e-con>.elementor-widget-spacer>.elementor-widget-container>.elementor-spacer{height:100%}.e-con-inner>.elementor-widget-spacer>.elementor-widget-container>.elementor-spacer>.elementor-spacer-inner,.e-con>.elementor-widget-spacer>.elementor-widget-container>.elementor-spacer>.elementor-spacer-inner{height:var(--container-widget-height,var(--spacer-size))}<\/style>\t\t<div class=\"elementor-spacer\">\n\t\t\t<div class=\"elementor-spacer-inner\"><\/div>\n\t\t<\/div>\n\t\t\t\t<\/div>\n\t\t\t\t<\/div>\n\t\t\t\t\t<\/div>\n\t\t<\/div>\n\t\t\t\t\t\t\t<\/div>\n\t\t<\/section>\n\t\t\t\t<section class=\"elementor-section elementor-top-section elementor-element elementor-element-af4fce5 elementor-section-boxed elementor-section-height-default elementor-section-height-default\" data-id=\"af4fce5\" data-element_type=\"section\">\n\t\t\t\t\t\t<div class=\"elementor-container elementor-column-gap-default\">\n\t\t\t\t\t<div class=\"elementor-column elementor-col-100 elementor-top-column elementor-element elementor-element-232b378\" data-id=\"232b378\" data-element_type=\"column\">\n\t\t\t<div class=\"elementor-widget-wrap elementor-element-populated\">\n\t\t\t\t\t\t\t\t<div class=\"elementor-element elementor-element-0c00f64 elementor-widget elementor-widget-heading\" data-id=\"0c00f64\" data-element_type=\"widget\" data-widget_type=\"heading.default\">\n\t\t\t\t<div class=\"elementor-widget-container\">\n\t\t\t<style>\/*! elementor - v3.15.0 - 20-08-2023 *\/\n.elementor-heading-title{padding:0;margin:0;line-height:1}.elementor-widget-heading .elementor-heading-title[class*=elementor-size-]>a{color:inherit;font-size:inherit;line-height:inherit}.elementor-widget-heading .elementor-heading-title.elementor-size-small{font-size:15px}.elementor-widget-heading .elementor-heading-title.elementor-size-medium{font-size:19px}.elementor-widget-heading .elementor-heading-title.elementor-size-large{font-size:29px}.elementor-widget-heading .elementor-heading-title.elementor-size-xl{font-size:39px}.elementor-widget-heading .elementor-heading-title.elementor-size-xxl{font-size:59px}<\/style><h2 class=\"elementor-heading-title elementor-size-default\">Su\u00f0ureyri    <\/h2>\t\t<\/div>\n\t\t\t\t<\/div>\n\t\t\t\t<div class=\"elementor-element elementor-element-5785e0e elementor-widget elementor-widget-text-editor\" data-id=\"5785e0e\" data-element_type=\"widget\" data-widget_type=\"text-editor.default\">\n\t\t\t\t<div class=\"elementor-widget-container\">\n\t\t\t<style>\/*! elementor - v3.15.0 - 20-08-2023 *\/\n.elementor-widget-text-editor.elementor-drop-cap-view-stacked .elementor-drop-cap{background-color:#69727d;color:#fff}.elementor-widget-text-editor.elementor-drop-cap-view-framed .elementor-drop-cap{color:#69727d;border:3px solid;background-color:transparent}.elementor-widget-text-editor:not(.elementor-drop-cap-view-default) .elementor-drop-cap{margin-top:8px}.elementor-widget-text-editor:not(.elementor-drop-cap-view-default) .elementor-drop-cap-letter{width:1em;height:1em}.elementor-widget-text-editor .elementor-drop-cap{float:left;text-align:center;line-height:1;font-size:50px}.elementor-widget-text-editor .elementor-drop-cap-letter{display:inline-block}<\/style>\t\t\t\t<p>Su\u00f0ureyri stendur vi\u00f0 sunnanver\u00f0an S\u00fagandafj\u00f6r\u00f0 og tilheyrir sveitarf\u00e9laginu \u00cdsafjar\u00f0arb\u00e6.<\/p>\n<p>Su\u00f0ureyri var\u00f0 l\u00f6ggiltur verslunarsta\u00f0ur \u00e1ri\u00f0 1899 en flj\u00f3tlega upp \u00far \u00fev\u00ed t\u00f3k a\u00f0 myndast v\u00edsir a\u00f0 bygg\u00f0 \u00e1 eyrinni.&nbsp;<\/p>\n<p>Sj\u00e1var\u00fatvegur hefur alla t\u00ed\u00f0 veri\u00f0 mikilv\u00e6gasta atvinnugreinin \u00e1 sv\u00e6\u00f0inu og \u00fev\u00ed er ekki a\u00f0 \u00f3sekju a\u00f0 Sj\u00f3kl\u00e6\u00f0ager\u00f0in 66 gr\u00e1\u00f0ur nor\u00f0ur \u00e1 upphaf sitt a\u00f0 rekja til Su\u00f0ureyrar.&nbsp;<\/p>\n<p>Fer\u00f0a\u00fej\u00f3nusta hefur einnig vaxi\u00f0 mj\u00f6g \u00e1 undanf\u00f6rnum \u00e1rum og er Su\u00f0ureyri or\u00f0in \u00feekkt v\u00ed\u00f0a um heim sem hi\u00f0 d\u00e6miger\u00f0a \u00edslenska sj\u00e1var\u00feorp enda hefur umfj\u00f6llun um b\u00e6inn rata\u00f0 inn\u00ed flestar helstu fer\u00f0ahandb\u00e6kur sem gefnar eru \u00fat.&nbsp;<\/p>\n<p>\u00cd \u00fej\u00f3nustu vi\u00f0 fer\u00f0af\u00f3lk er l\u00f6g\u00f0 mikil \u00e1hersla \u00e1 hina s\u00f6gulegu tengingu vi\u00f0 hafi\u00f0 og fiskvei\u00f0ar,&nbsp; \u00cd s\u00e1tt vi\u00f0 n\u00e1tt\u00faruna og umhverfi\u00f0, en t\u00e6past er h\u00e6gt a\u00f0 finna vistv\u00e6nna \u00feorp en Su\u00f0ureyri.&nbsp; &nbsp;Vei\u00f0ar fara fram me\u00f0 vistv\u00e6num vei\u00f0arf\u00e6rum, l\u00ednu og handf\u00e6rum, aflinn er fullunninn \u00ed \u00feorpinu og \u00fear er einnig fyrirt\u00e6ki\u00f0 Klofningur sem s\u00e9rh\u00e6fir sig \u00ed a\u00f0 skapa ver\u00f0m\u00e6ti \u00far aukaafur\u00f0um fisksins \u00feannig a\u00f0 l\u00edti\u00f0 sem ekkert fer til spillis.&nbsp; &nbsp;\u00c1 Su\u00f0ureyri er jar\u00f0varmi,&nbsp; nokku\u00f0 sem \u00f6nnur bygg\u00f0arl\u00f6g \u00e1 nor\u00f0anver\u00f0um Vestfj\u00f6r\u00f0um b\u00faa ekki vi\u00f0 og \u00ed botni fjar\u00f0arins er vatnsaflsvirkjun sem framlei\u00f0ir rafmagn.<\/p>\n<p>S\u00fagfir\u00f0ingar leggja \u00fevi h\u00f6fu\u00f0\u00e1herslu \u00e1 notkun endurn\u00fdtanlegrar orku og a\u00f0 halda mengun og \u00fargangi \u00ed algj\u00f6ru l\u00e1gmarki.&nbsp; &nbsp; &nbsp;\u00c1 m\u00f3ti \u00feorpinu er fjalli\u00f0 G\u00f6ltur en Spillir ofan vi\u00f0 \u00fea\u00f0. Svo segir \u00ed Landn\u00e1mu&nbsp; : &#8220; Hallvar\u00f0ur S\u00fagandi var \u00ed orrustu m\u00f3t Haraldi konungi \u00ed Hafursfir\u00f0i; hann f\u00f3r af \u00feeim \u00f3fri\u00f0i til \u00cdslands ok nam S\u00fagandafj\u00f6r\u00f0 ok Sk\u00e1lav\u00edk til Stiga ok bj\u00f3 \u00fear.&#8220;&nbsp; Sk\u00fdrist nafngiftin a\u00f0 nokkru af \u00fev\u00ed a\u00f0 beint \u00e1 m\u00f3ti \u00e1 sama sta\u00f0 \u00ed fir\u00f0inum er \u00f6nnur eyri sem aftur er nefnd Nor\u00f0ureyri.<\/p>\n<p>Fyrsta \u00fatisundlaugin \u00e1 Su\u00f0ureyri er me\u00f0al elstu n\u00fat\u00edma sundlauga \u00e1 \u00cdslandi.&nbsp; H\u00fan var bygg\u00f0 \u00e1ri\u00f0 1859 og var \u00fea\u00f0 enginn annar en b\u00e6jarf\u00f3getinn Skarph\u00e9\u00f0inn \u00de\u00f3r\u00f0arson sem var fyrstur til a\u00f0 taka sundsprett.<\/p>\n<p>Sk\u00e1ldi\u00f0 a\u00f0 \u00der\u00f6m Magn\u00fas Hj Magn\u00fasson settist a\u00f0 \u00ed S\u00fagandafir\u00f0i \u00e1samt Gu\u00f0r\u00fanu \u00d6nnu Magn\u00fasd\u00f3ttur og eignu\u00f0ust \u00feau 6 b\u00f6rn.&nbsp; Magn\u00fas var fyrirmynd Halld\u00f3rs Laxness a\u00f0 \u00d3lafi K\u00e1rasyni lj\u00f3sv\u00edkingi \u00cd Heimslj\u00f3si enda n\u00fdtti Halld\u00f3r s\u00e9r dagb\u00e6kur&nbsp; Magn\u00fasar \u00f3t\u00e6pilega.&nbsp; &nbsp; \u00c1ri\u00f0 1983 var afhj\u00fapa\u00f0ur minnisvar\u00f0i um sk\u00e1ldi\u00f0 \u00ed hl\u00ed\u00f0inni \u00fear sem h\u00fas \u00feeirra hj\u00f3na haf\u00f0i sta\u00f0i\u00f0.&nbsp;<\/p>\n<p>Margir \u00feekktir \u00edslendingar f\u00e6ddust og\/e\u00f0a \u00f3lust upp \u00e1 Su\u00f0ureyri.&nbsp;&nbsp;<\/p>\n<p>Gunnar M. Magn\u00fasson ( 1898-1988 ) rith\u00f6fundur,al\u00feingisma\u00f0ur og h\u00f6fundur lj\u00f3\u00f0sins&nbsp; &#8222;N\u00fa angar af sumri um S\u00fagandafj\u00f6r\u00f0&#8220; \u00f3lst upp \u00e1 Su\u00f0ureyri.&nbsp;&nbsp;<\/p>\n<p>Gunnar \u00d3lafsson arkitekt, Benedikt G.V. Gunnarsson listm\u00e1lari, Valdimar \u00d6rn\u00f3lfsson \u00ed\u00fer\u00f3ttakennari og stofnandi Sk\u00ed\u00f0ask\u00f3lans \u00ed Kerlingafj\u00f6llum.<\/p>\n<p>Au\u00f0ur Eir, fyrsta konan sem hlaut prestsv\u00edgslu \u00e1 \u00cdslandi en h\u00fan var n\u00fdv\u00edg\u00f0ur prestur \u00feegar h\u00fan var\u00f0 prestur S\u00fagfir\u00f0inga.&nbsp; &nbsp;<\/p>\n<p>\u00deingmennirnir Kjartan \u00d3lafsson, \u00d3lafur \u00de. \u00de\u00f3r\u00f0arson og Lilja Rafney Magn\u00fasd\u00f3ttir f\u00e6dddust \u00f6ll \u00ed S\u00fagandafir\u00f0i og Lilja Rafney b\u00fdr \u00e1 Su\u00f0ureyri.&nbsp; Reistur var minnisvar\u00f0i \u00e1 Sta\u00f0 \u00ed S\u00fagandafir\u00f0i&nbsp; \u00feann 26. j\u00fal\u00ed 2007 um \u00d3laf \u00de. \u00de\u00f3r\u00f0arsson sk\u00f3lastj\u00f3ra&nbsp; \u00e1&nbsp; Su\u00f0ureyri og \u00feingmann Frams\u00f3knarflokksins \u00e1 Vestfj\u00f6r\u00f0um um \u00e1rabil.<\/p>\n<p>Rafn Ragnar J\u00f3nsson t\u00f3nlistarma\u00f0ur f\u00e6ddist \u00e1 Su\u00f0ureyri og var hann \u00ed hlj\u00f3msveitum \u00e1 bor\u00f0 vi\u00f0 Graf\u00edk, B\u00edtlavinaf\u00e9lagi\u00f0 og var fyrsti trommarinn \u00ed S\u00e1linni hans J\u00f3ns m\u00edns.<\/p><p>Hann var stofnandi MND -f\u00e9lagsins \u00e1ri\u00f0 1993 \u00e1samt \u00f6\u00f0rum MND sj\u00faklingum en hann bar\u00f0ist vi\u00f0 sj\u00fakd\u00f3minn \u00ed 16 \u00e1r af \u00e6\u00f0ruleysi og l\u00e9t aldrei bugast \u00fe\u00f3tt \u00e1 m\u00f3ti bl\u00e9si.<\/p>\n<p><span style=\"color: var( --e-global-color-text );\">Leikarinn G\u00edsli \u00d6rn Gar\u00f0arsson \u00e1 \u00e6ttir a\u00f0 rekja til Su\u00f0ureyrar. Me\u00f0al hans verka eru sj\u00f3nvarps\u00fe\u00e6ttirnir Verb\u00fa\u00f0in sem teknir voru a\u00f0 hluta til upp \u00e1 Su\u00f0ureyri.<\/span><\/p>\n<p>\u00c1 undanf\u00f6rnum \u00e1rum h\u00f6fum vi\u00f0 fengi\u00f0 a\u00f0 fylgjast me\u00f0 unga f\u00f3lkinu okkar standa sig vel \u00e1 m\u00f6rgum svi\u00f0um.&nbsp;<span style=\"color: var( --e-global-color-text );\">Me\u00f0limir hlj\u00f3msveitarinnar CELEBS eru fr\u00e1 Su\u00f0ureyri en \u00feau systkinin, Valgeir Skorri, Hrafnkell Hugi og Katla Vigd\u00eds<\/span><font color=\"#222222\" face=\"Verdana, Geneva, sans-serif\"><span style=\"font-size: 15px;\">&nbsp;<\/span><\/font><span style=\"color: var( --e-global-color-text );\">eiga \u00fea\u00f0 \u00f6ll sameiginlegt a\u00f0 hafa unni\u00f0 m\u00fas\u00edktilraunir me\u00f0 hlj\u00f3msveitunum s\u00ednum. Br\u00e6\u00f0urnir me\u00f0 Rythmatik og Katla me\u00f0 Between mountains.&nbsp;<\/span><span style=\"color: var( --e-global-color-text );\">&nbsp;S\u00ed\u00f0an er \u00fea\u00f0 markv\u00f6r\u00f0urinn \u00ed Bestu deild karla Da\u00f0i Freyr Arnarsson.&nbsp; &nbsp;\u00cd lokin m\u00e1 nefna matrei\u00f0slumeistarann&nbsp; \u00cdsak Aron J\u00f3hannsson.&nbsp;<\/span><\/p>\t\t\t\t\t\t<\/div>\n\t\t\t\t<\/div>\n\t\t\t\t\t<\/div>\n\t\t<\/div>\n\t\t\t\t\t\t\t<\/div>\n\t\t<\/section>\n\t\t\t\t\t\t\t<\/div>\n\t\t","protected":false},"excerpt":{"rendered":"<p>Su\u00f0ureyri Su\u00f0ureyri stendur vi\u00f0 sunnanver\u00f0an S\u00fagandafj\u00f6r\u00f0 og tilheyrir sveitarf\u00e9laginu \u00cdsafjar\u00f0arb\u00e6. Su\u00f0ureyri var\u00f0 l\u00f6ggiltur verslunarsta\u00f0ur \u00e1ri\u00f0 1899 en flj\u00f3tlega upp \u00far \u00fev\u00ed t\u00f3k a\u00f0 myndast v\u00edsir a\u00f0 bygg\u00f0 \u00e1 eyrinni.&nbsp; Sj\u00e1var\u00fatvegur hefur alla t\u00ed\u00f0 veri\u00f0 mikilv\u00e6gasta atvinnugreinin \u00e1 sv\u00e6\u00f0inu og \u00fev\u00ed er ekki a\u00f0 \u00f3sekju a\u00f0 Sj\u00f3kl\u00e6\u00f0ager\u00f0in 66 gr\u00e1\u00f0ur nor\u00f0ur \u00e1 upphaf sitt a\u00f0 rekja til [&hellip;]<\/p>\n","protected":false},"author":2,"featured_media":0,"parent":0,"menu_order":0,"comment_status":"closed","ping_status":"closed","template":"","meta":{"footnotes":""},"class_list":["post-2","page","type-page","status-publish","hentry"],"jetpack_sharing_enabled":true,"_links":{"self":[{"href":"https:\/\/sugandi.is\/index.php?rest_route=\/wp\/v2\/pages\/2","targetHints":{"allow":["GET"]}}],"collection":[{"href":"https:\/\/sugandi.is\/index.php?rest_route=\/wp\/v2\/pages"}],"about":[{"href":"https:\/\/sugandi.is\/index.php?rest_route=\/wp\/v2\/types\/page"}],"author":[{"embeddable":true,"href":"https:\/\/sugandi.is\/index.php?rest_route=\/wp\/v2\/users\/2"}],"replies":[{"embeddable":true,"href":"https:\/\/sugandi.is\/index.php?rest_route=%2Fwp%2Fv2%2Fcomments&post=2"}],"version-history":[{"count":65,"href":"https:\/\/sugandi.is\/index.php?rest_route=\/wp\/v2\/pages\/2\/revisions"}],"predecessor-version":[{"id":796,"href":"https:\/\/sugandi.is\/index.php?rest_route=\/wp\/v2\/pages\/2\/revisions\/796"}],"wp:attachment":[{"href":"https:\/\/sugandi.is\/index.php?rest_route=%2Fwp%2Fv2%2Fmedia&parent=2"}],"curies":[{"name":"wp","href":"https:\/\/api.w.org\/{rel}","templated":true}]}}